{"id":552,"date":"2012-10-11T10:15:42","date_gmt":"2012-10-11T08:15:42","guid":{"rendered":"http:\/\/jhvtools.nl\/?page_id=552"},"modified":"2014-03-07T08:39:47","modified_gmt":"2014-03-07T07:39:47","slug":"vhm-fraser-fur-aluminium","status":"publish","type":"page","link":"https:\/\/www.jhvtools.nl\/deutsch\/vhm-fraser-fur-aluminium\/","title":{"rendered":"VHM fr\u00e4ser f\u00fcr aluminium"},"content":{"rendered":"<p>[product_category category=&#8221;aluminium&#8221;\u00a0order=&#8221;asc&#8221;]<\/p>\n","protected":false},"excerpt":{"rendered":"<p>[product_category category=&#8221;aluminium&#8221;\u00a0order=&#8221;asc&#8221;]<\/p>\n","protected":false},"author":2,"featured_media":0,"parent":0,"menu_order":4,"comment_status":"closed","ping_status":"closed","template":"","meta":{"footnotes":""},"class_list":["post-552","page","type-page","status-publish","hentry"],"yoast_head":"<!-- This site is optimized with the Yoast SEO plugin v27.5 - https:\/\/yoast.com\/product\/yoast-seo-wordpress\/ -->\n<title>VHM fr\u00e4ser f\u00fcr aluminium - JHV Tools - Spezialist f\u00fcr die Produktion von CNC Schneide- und Zerspanungswerkzeugen<\/title>\n<meta name=\"robots\" content=\"index, follow, max-snippet:-1, max-image-preview:large, max-video-preview:-1\" \/>\n<link rel=\"canonical\" href=\"https:\/\/www.jhvtools.nl\/deutsch\/vhm-fraser-fur-aluminium\/\" \/>\n<meta property=\"og:locale\" content=\"en_US\" \/>\n<meta property=\"og:type\" content=\"article\" \/>\n<meta property=\"og:title\" content=\"VHM fr\u00e4ser f\u00fcr aluminium - JHV Tools - Spezialist f\u00fcr die Produktion von CNC Schneide- und Zerspanungswerkzeugen\" \/>\n<meta property=\"og:description\" content=\"[product_category category=&#8221;aluminium&#8221;\u00a0order=&#8221;asc&#8221;]\" \/>\n<meta property=\"og:url\" content=\"https:\/\/www.jhvtools.nl\/deutsch\/vhm-fraser-fur-aluminium\/\" \/>\n<meta property=\"og:site_name\" content=\"JHV Tools - Spezialist f\u00fcr die Produktion von CNC Schneide- und Zerspanungswerkzeugen\" \/>\n<meta property=\"article:modified_time\" content=\"2014-03-07T07:39:47+00:00\" \/>\n<script type=\"application\/ld+json\" class=\"yoast-schema-graph\">{\"@context\":\"https:\\\/\\\/schema.org\",\"@graph\":[{\"@type\":\"WebPage\",\"@id\":\"https:\\\/\\\/www.jhvtools.nl\\\/deutsch\\\/vhm-fraser-fur-aluminium\\\/\",\"url\":\"https:\\\/\\\/www.jhvtools.nl\\\/deutsch\\\/vhm-fraser-fur-aluminium\\\/\",\"name\":\"VHM fr\u00e4ser f\u00fcr aluminium - JHV Tools - Spezialist f\u00fcr die Produktion von CNC Schneide- und Zerspanungswerkzeugen\",\"isPartOf\":{\"@id\":\"https:\\\/\\\/www.jhvtools.nl\\\/deutsch\\\/#website\"},\"datePublished\":\"2012-10-11T08:15:42+00:00\",\"dateModified\":\"2014-03-07T07:39:47+00:00\",\"inLanguage\":\"en-US\",\"potentialAction\":[{\"@type\":\"ReadAction\",\"target\":[\"https:\\\/\\\/www.jhvtools.nl\\\/deutsch\\\/vhm-fraser-fur-aluminium\\\/\"]}]},{\"@type\":\"WebSite\",\"@id\":\"https:\\\/\\\/www.jhvtools.nl\\\/deutsch\\\/#website\",\"url\":\"https:\\\/\\\/www.jhvtools.nl\\\/deutsch\\\/\",\"name\":\"JHV Tools - Spezialist f\u00fcr die Produktion von CNC Schneide- und Zerspanungswerkzeugen\",\"description\":\"Produziert zerspanende Werkzeuge f\u00fcr eine Anzahl von Aufgaben in der Industrie.\",\"potentialAction\":[{\"@type\":\"SearchAction\",\"target\":{\"@type\":\"EntryPoint\",\"urlTemplate\":\"https:\\\/\\\/www.jhvtools.nl\\\/deutsch\\\/?s={search_term_string}\"},\"query-input\":{\"@type\":\"PropertyValueSpecification\",\"valueRequired\":true,\"valueName\":\"search_term_string\"}}],\"inLanguage\":\"en-US\"}]}<\/script>\n<!-- \/ Yoast SEO plugin. -->","yoast_head_json":{"title":"VHM fr\u00e4ser f\u00fcr aluminium - JHV Tools - Spezialist f\u00fcr die Produktion von CNC Schneide- und Zerspanungswerkzeugen","robots":{"index":"index","follow":"follow","max-snippet":"max-snippet:-1","max-image-preview":"max-image-preview:large","max-video-preview":"max-video-preview:-1"},"canonical":"https:\/\/www.jhvtools.nl\/deutsch\/vhm-fraser-fur-aluminium\/","og_locale":"en_US","og_type":"article","og_title":"VHM fr\u00e4ser f\u00fcr aluminium - JHV Tools - Spezialist f\u00fcr die Produktion von CNC Schneide- und Zerspanungswerkzeugen","og_description":"[product_category category=&#8221;aluminium&#8221;\u00a0order=&#8221;asc&#8221;]","og_url":"https:\/\/www.jhvtools.nl\/deutsch\/vhm-fraser-fur-aluminium\/","og_site_name":"JHV Tools - Spezialist f\u00fcr die Produktion von CNC Schneide- und Zerspanungswerkzeugen","article_modified_time":"2014-03-07T07:39:47+00:00","schema":{"@context":"https:\/\/schema.org","@graph":[{"@type":"WebPage","@id":"https:\/\/www.jhvtools.nl\/deutsch\/vhm-fraser-fur-aluminium\/","url":"https:\/\/www.jhvtools.nl\/deutsch\/vhm-fraser-fur-aluminium\/","name":"VHM fr\u00e4ser f\u00fcr aluminium - JHV Tools - Spezialist f\u00fcr die Produktion von CNC Schneide- und Zerspanungswerkzeugen","isPartOf":{"@id":"https:\/\/www.jhvtools.nl\/deutsch\/#website"},"datePublished":"2012-10-11T08:15:42+00:00","dateModified":"2014-03-07T07:39:47+00:00","inLanguage":"en-US","potentialAction":[{"@type":"ReadAction","target":["https:\/\/www.jhvtools.nl\/deutsch\/vhm-fraser-fur-aluminium\/"]}]},{"@type":"WebSite","@id":"https:\/\/www.jhvtools.nl\/deutsch\/#website","url":"https:\/\/www.jhvtools.nl\/deutsch\/","name":"JHV Tools - Spezialist f\u00fcr die Produktion von CNC Schneide- und Zerspanungswerkzeugen","description":"Produziert zerspanende Werkzeuge f\u00fcr eine Anzahl von Aufgaben in der Industrie.","potentialAction":[{"@type":"SearchAction","target":{"@type":"EntryPoint","urlTemplate":"https:\/\/www.jhvtools.nl\/deutsch\/?s={search_term_string}"},"query-input":{"@type":"PropertyValueSpecification","valueRequired":true,"valueName":"search_term_string"}}],"inLanguage":"en-US"}]}},"_links":{"self":[{"href":"https:\/\/www.jhvtools.nl\/deutsch\/wp-json\/wp\/v2\/pages\/552","targetHints":{"allow":["GET"]}}],"collection":[{"href":"https:\/\/www.jhvtools.nl\/deutsch\/wp-json\/wp\/v2\/pages"}],"about":[{"href":"https:\/\/www.jhvtools.nl\/deutsch\/wp-json\/wp\/v2\/types\/page"}],"author":[{"embeddable":true,"href":"https:\/\/www.jhvtools.nl\/deutsch\/wp-json\/wp\/v2\/users\/2"}],"replies":[{"embeddable":true,"href":"https:\/\/www.jhvtools.nl\/deutsch\/wp-json\/wp\/v2\/comments?post=552"}],"version-history":[{"count":5,"href":"https:\/\/www.jhvtools.nl\/deutsch\/wp-json\/wp\/v2\/pages\/552\/revisions"}],"predecessor-version":[{"id":1471,"href":"https:\/\/www.jhvtools.nl\/deutsch\/wp-json\/wp\/v2\/pages\/552\/revisions\/1471"}],"wp:attachment":[{"href":"https:\/\/www.jhvtools.nl\/deutsch\/wp-json\/wp\/v2\/media?parent=552"}],"curies":[{"name":"wp","href":"https:\/\/api.w.org\/{rel}","templated":true}]}}