{"id":5153,"date":"2014-03-07T08:10:01","date_gmt":"2014-03-07T07:10:01","guid":{"rendered":"https:\/\/www.jhvtools.nl\/deutsch\/?page_id=5153"},"modified":"2014-04-10T15:15:21","modified_gmt":"2014-04-10T14:15:21","slug":"uber-uns","status":"publish","type":"page","link":"https:\/\/www.jhvtools.nl\/deutsch\/uber-uns\/","title":{"rendered":"\u00dcber uns"},"content":{"rendered":"<p>JHV Tools produziert Vollhartmetall-Schachtfr\u00e4sen zur Bearbeitung aller vorkommenden Materialien. JHV Tools hat sich insbesondere auf die Produktion von hochwertigen Schneidewerkzeugen zur Bearbeitung von Holz- und Verbundmaterial, Kunststoffen, Aluminium und Verbundwerkstoffen spezialisiert. Wir benutzen hierf\u00fcr die allermodernste CNC Schleif- und Messtechnologie, wodurch wir dazu in der Lage sind, 24 Stunden pro Tag ausgezeichnete Fr\u00e4swerkzeuge f\u00fcr Sie herzustellen.<\/p>\n<p>Neben der Verwendung der optimalen Hartmetallqualit\u00e4t f\u00fcr das zu bearbeitende Material k\u00f6nnen alle Werkzeuge auf Anfrage auch mit einem lebensdauerverl\u00e4ngernden Coating versehen werden. F\u00fcr alle Werkzeuge stehen auf Anfrage Schnittdaten zur Verf\u00fcgung. Zur Bestimmung des f\u00fcr Sie passenden Werkzeugs und der richtigen Schnittdaten, m\u00fcssen Sie folgendes beachten:<\/p>\n<ul>\n<li>Die auszuf\u00fchrende Bearbeitung (axiale und radiale Abnahme)<\/li>\n<li>Bestimmung der Schneidegeschwindigkeit im Hinblick auf das zu bearbeitende Material, gew\u00e4hlte\u00a0Fr\u00e4s- und Schneidebedingungen<\/li>\n<li>Bestimmung der Drehzahl an Hand der Schneidegeschwindigkeit und dem Werkzeugdurchmesser<\/li>\n<li>Bestimmung des Vorschubs pro Zahn (bestimmt durch die Belastbarkeit der Schneide,\u00a0Spanraum, Abnutzung und freigesetzte Kr\u00e4fte)<\/li>\n<li>Danach Berechnung der Speisung mittels Drehzahl, Anzahl der Z\u00e4hne und Schub pro Zahn. Siehe\u00a0hierf\u00fcr untenstehende Formeln.<\/li>\n<\/ul>\n<p>Achtung: die berechneten Werte sind Richtwerte. Es bestehen allerlei Faktoren, die diese Werte in der Praxis beeinflussen k\u00f6nnen (Einspannung des Werkst\u00fccks\/Einspannung des Werkzeugs\/Schneidegeometrie\/Coatingstyp\/Bearbeitungsanforderungen f\u00fcr das Werkst\u00fcck\/Leistung der Maschine\/maximal zur Verf\u00fcgung stehende Drehzahl usw.)<\/p>\n<p><strong>Spezialwerkzeuge<\/strong><br \/>\nJHV produziert neben unserem Standardprogramm auch ma\u00dfangefertigte Vollhartmetallwerkzeuge. Durch Lieferung einer Zeichnung\/Skizze oder einer pr\u00e4zisen Spezifikation des Fr\u00e4sens oder der auszuf\u00fchrenden Bearbeitung erhalten Sie Werkzeuge, die Ihren spezifischen W\u00fcnschen entsprechen.<\/p>\n","protected":false},"excerpt":{"rendered":"<p>JHV Tools produziert Vollhartmetall-Schachtfr\u00e4sen zur Bearbeitung aller vorkommenden Materialien. JHV Tools hat sich insbesondere auf die Produktion von hochwertigen Schneidewerkzeugen zur Bearbeitung von Holz- und Verbundmaterial, Kunststoffen, Aluminium und Verbundwerkstoffen spezialisiert. Wir benutzen hierf\u00fcr die allermodernste CNC Schleif- und Messtechnologie, wodurch wir dazu in der Lage sind, 24 Stunden pro Tag ausgezeichnete Fr\u00e4swerkzeuge f\u00fcr Sie [&hellip;]<\/p>\n","protected":false},"author":2,"featured_media":0,"parent":0,"menu_order":0,"comment_status":"closed","ping_status":"open","template":"","meta":{"footnotes":""},"class_list":["post-5153","page","type-page","status-publish","hentry"],"yoast_head":"<!-- This site is optimized with the Yoast SEO plugin v27.5 - https:\/\/yoast.com\/product\/yoast-seo-wordpress\/ -->\n<title>\u00dcber uns - JHV Tools - Spezialist f\u00fcr die Produktion von CNC Schneide- und Zerspanungswerkzeugen<\/title>\n<meta name=\"robots\" content=\"index, follow, max-snippet:-1, max-image-preview:large, max-video-preview:-1\" \/>\n<link rel=\"canonical\" href=\"https:\/\/www.jhvtools.nl\/deutsch\/uber-uns\/\" \/>\n<meta property=\"og:locale\" content=\"en_US\" \/>\n<meta property=\"og:type\" content=\"article\" \/>\n<meta property=\"og:title\" content=\"\u00dcber uns - JHV Tools - Spezialist f\u00fcr die Produktion von CNC Schneide- und Zerspanungswerkzeugen\" \/>\n<meta property=\"og:description\" content=\"JHV Tools produziert Vollhartmetall-Schachtfr\u00e4sen zur Bearbeitung aller vorkommenden Materialien. JHV Tools hat sich insbesondere auf die Produktion von hochwertigen Schneidewerkzeugen zur Bearbeitung von Holz- und Verbundmaterial, Kunststoffen, Aluminium und Verbundwerkstoffen spezialisiert. Wir benutzen hierf\u00fcr die allermodernste CNC Schleif- und Messtechnologie, wodurch wir dazu in der Lage sind, 24 Stunden pro Tag ausgezeichnete Fr\u00e4swerkzeuge f\u00fcr Sie [&hellip;]\" \/>\n<meta property=\"og:url\" content=\"https:\/\/www.jhvtools.nl\/deutsch\/uber-uns\/\" \/>\n<meta property=\"og:site_name\" content=\"JHV Tools - Spezialist f\u00fcr die Produktion von CNC Schneide- und Zerspanungswerkzeugen\" \/>\n<meta property=\"article:modified_time\" content=\"2014-04-10T14:15:21+00:00\" \/>\n<meta name=\"twitter:label1\" content=\"Est. reading time\" \/>\n\t<meta name=\"twitter:data1\" content=\"1 minute\" \/>\n<script type=\"application\/ld+json\" class=\"yoast-schema-graph\">{\"@context\":\"https:\\\/\\\/schema.org\",\"@graph\":[{\"@type\":\"WebPage\",\"@id\":\"https:\\\/\\\/www.jhvtools.nl\\\/deutsch\\\/uber-uns\\\/\",\"url\":\"https:\\\/\\\/www.jhvtools.nl\\\/deutsch\\\/uber-uns\\\/\",\"name\":\"\u00dcber uns - JHV Tools - Spezialist f\u00fcr die Produktion von CNC Schneide- und Zerspanungswerkzeugen\",\"isPartOf\":{\"@id\":\"https:\\\/\\\/www.jhvtools.nl\\\/deutsch\\\/#website\"},\"datePublished\":\"2014-03-07T07:10:01+00:00\",\"dateModified\":\"2014-04-10T14:15:21+00:00\",\"inLanguage\":\"en-US\",\"potentialAction\":[{\"@type\":\"ReadAction\",\"target\":[\"https:\\\/\\\/www.jhvtools.nl\\\/deutsch\\\/uber-uns\\\/\"]}]},{\"@type\":\"WebSite\",\"@id\":\"https:\\\/\\\/www.jhvtools.nl\\\/deutsch\\\/#website\",\"url\":\"https:\\\/\\\/www.jhvtools.nl\\\/deutsch\\\/\",\"name\":\"JHV Tools - Spezialist f\u00fcr die Produktion von CNC Schneide- und Zerspanungswerkzeugen\",\"description\":\"Produziert zerspanende Werkzeuge f\u00fcr eine Anzahl von Aufgaben in der Industrie.\",\"potentialAction\":[{\"@type\":\"SearchAction\",\"target\":{\"@type\":\"EntryPoint\",\"urlTemplate\":\"https:\\\/\\\/www.jhvtools.nl\\\/deutsch\\\/?s={search_term_string}\"},\"query-input\":{\"@type\":\"PropertyValueSpecification\",\"valueRequired\":true,\"valueName\":\"search_term_string\"}}],\"inLanguage\":\"en-US\"}]}<\/script>\n<!-- \/ Yoast SEO plugin. -->","yoast_head_json":{"title":"\u00dcber uns - JHV Tools - Spezialist f\u00fcr die Produktion von CNC Schneide- und Zerspanungswerkzeugen","robots":{"index":"index","follow":"follow","max-snippet":"max-snippet:-1","max-image-preview":"max-image-preview:large","max-video-preview":"max-video-preview:-1"},"canonical":"https:\/\/www.jhvtools.nl\/deutsch\/uber-uns\/","og_locale":"en_US","og_type":"article","og_title":"\u00dcber uns - JHV Tools - Spezialist f\u00fcr die Produktion von CNC Schneide- und Zerspanungswerkzeugen","og_description":"JHV Tools produziert Vollhartmetall-Schachtfr\u00e4sen zur Bearbeitung aller vorkommenden Materialien. JHV Tools hat sich insbesondere auf die Produktion von hochwertigen Schneidewerkzeugen zur Bearbeitung von Holz- und Verbundmaterial, Kunststoffen, Aluminium und Verbundwerkstoffen spezialisiert. Wir benutzen hierf\u00fcr die allermodernste CNC Schleif- und Messtechnologie, wodurch wir dazu in der Lage sind, 24 Stunden pro Tag ausgezeichnete Fr\u00e4swerkzeuge f\u00fcr Sie [&hellip;]","og_url":"https:\/\/www.jhvtools.nl\/deutsch\/uber-uns\/","og_site_name":"JHV Tools - Spezialist f\u00fcr die Produktion von CNC Schneide- und Zerspanungswerkzeugen","article_modified_time":"2014-04-10T14:15:21+00:00","twitter_misc":{"Est. reading time":"1 minute"},"schema":{"@context":"https:\/\/schema.org","@graph":[{"@type":"WebPage","@id":"https:\/\/www.jhvtools.nl\/deutsch\/uber-uns\/","url":"https:\/\/www.jhvtools.nl\/deutsch\/uber-uns\/","name":"\u00dcber uns - JHV Tools - Spezialist f\u00fcr die Produktion von CNC Schneide- und Zerspanungswerkzeugen","isPartOf":{"@id":"https:\/\/www.jhvtools.nl\/deutsch\/#website"},"datePublished":"2014-03-07T07:10:01+00:00","dateModified":"2014-04-10T14:15:21+00:00","inLanguage":"en-US","potentialAction":[{"@type":"ReadAction","target":["https:\/\/www.jhvtools.nl\/deutsch\/uber-uns\/"]}]},{"@type":"WebSite","@id":"https:\/\/www.jhvtools.nl\/deutsch\/#website","url":"https:\/\/www.jhvtools.nl\/deutsch\/","name":"JHV Tools - Spezialist f\u00fcr die Produktion von CNC Schneide- und Zerspanungswerkzeugen","description":"Produziert zerspanende Werkzeuge f\u00fcr eine Anzahl von Aufgaben in der Industrie.","potentialAction":[{"@type":"SearchAction","target":{"@type":"EntryPoint","urlTemplate":"https:\/\/www.jhvtools.nl\/deutsch\/?s={search_term_string}"},"query-input":{"@type":"PropertyValueSpecification","valueRequired":true,"valueName":"search_term_string"}}],"inLanguage":"en-US"}]}},"_links":{"self":[{"href":"https:\/\/www.jhvtools.nl\/deutsch\/wp-json\/wp\/v2\/pages\/5153","targetHints":{"allow":["GET"]}}],"collection":[{"href":"https:\/\/www.jhvtools.nl\/deutsch\/wp-json\/wp\/v2\/pages"}],"about":[{"href":"https:\/\/www.jhvtools.nl\/deutsch\/wp-json\/wp\/v2\/types\/page"}],"author":[{"embeddable":true,"href":"https:\/\/www.jhvtools.nl\/deutsch\/wp-json\/wp\/v2\/users\/2"}],"replies":[{"embeddable":true,"href":"https:\/\/www.jhvtools.nl\/deutsch\/wp-json\/wp\/v2\/comments?post=5153"}],"version-history":[{"count":5,"href":"https:\/\/www.jhvtools.nl\/deutsch\/wp-json\/wp\/v2\/pages\/5153\/revisions"}],"predecessor-version":[{"id":5318,"href":"https:\/\/www.jhvtools.nl\/deutsch\/wp-json\/wp\/v2\/pages\/5153\/revisions\/5318"}],"wp:attachment":[{"href":"https:\/\/www.jhvtools.nl\/deutsch\/wp-json\/wp\/v2\/media?parent=5153"}],"curies":[{"name":"wp","href":"https:\/\/api.w.org\/{rel}","templated":true}]}}